{"id":7,"date":"2015-04-16T08:58:50","date_gmt":"2015-04-16T08:58:50","guid":{"rendered":"http:\/\/misericordiacarregaldosal.com\/?page_id=7"},"modified":"2021-01-12T15:13:44","modified_gmt":"2021-01-12T15:13:44","slug":"quem-somos","status":"publish","type":"page","link":"https:\/\/misericordiacarregaldosal.com\/?page_id=7","title":{"rendered":"Quem somos"},"content":{"rendered":"<p>Em 18 de Fevereiro de 1965 o Sr. Manuel Soares de Albergaria e Melo, doou \u00e0 Santa Casa da Miseric\u00f3rdia de Carregal do Sal um conjunto de edif\u00edcios, designados como Bairro Soares de Albergaria, sendo composto por dezasseis casas, uma das quais reservada\u00a0 \u00e0 fam\u00edlia do Sr. Manuel Soares de Albergaria e Melo.<\/p>\n<p>Posteriormente a Institui\u00e7\u00e3o procedeu \u00e0 interven\u00e7\u00e3o de duas grandes obras no espa\u00e7o cedido, criando melhores condi\u00e7\u00f5es de\u00a0 habitabilidade. Na data de 22 de Mar\u00e7o de 1976 deu-se inicio \u00e0 val\u00eancia do Jardim de Inf\u00e2ncia, futuramente designado por \u201c O Ninho\u201d, tendo sido criada para o efeito uma comiss\u00e3o instaladora. A Santa Casa da Miseric\u00f3rdia de Carregal do Sal \u00e9 uma IPSS\u00a0 (Institui\u00e7\u00e3o Particular de Solidariedade Social), registada na Dire\u00e7\u00e3o Geral da Solidariedade e Seguran\u00e7a Social sob o n.o 18\/87, na folha 64 verso do livro n.o 2 das Irmandades das Miseric\u00f3rdias em 14\/07\/1987, com compromisso de Irmandade da Santa Casa da\u00a0 Miseric\u00f3rdia de Carregal do Sal aprovado em 23 de Dezembro de 1986, pelo Bispo de Viseu. O Lar foi inaugurado a 10 de Fevereiro de 2003, sendo a escritura de doa\u00e7\u00e3o do terreno efetuada no dia 30 de Dezembro do mesmo ano. Em Assembleia Geral realizada no dia 13 de Abril de 2004 foi aprovado o regulamento interno do Lar.<\/p>\n<p>A primeira viatura para transporte de utentes surge em Julho de 2004, tendo sido adquirida com o apoio do Instituto de\u00a0 Solidariedade e Seguran\u00e7a Social. No dia 01 de Setembro de 2006 foi criada a val\u00eancia\u201d Creche\u201d, destinada a crian\u00e7as com idades compreendidas entre os 4 meses e os 3 anos de idade. Em 31 de Janeiro de 2009 foi inaugurado o Centro de Dia Nossa Senhora das Candeias, que resultou de um protocolo entre a Santa Casa da Miseric\u00f3rdia de Carregal do Sal e o Centro Cultural de Currelos.<\/p>\n<p>Este funcionou nas instala\u00e7\u00f5es do Centro Cultural de Currelos mas a sua gest\u00e3o pertenceu \u00e0 Santa Casa da Miseric\u00f3rdia de Carregal do Sal. No inicio do ano de 2009 procedeu-se ao alargamento da sala de conv\u00edvio dos utentes do Lar, incluindo um aumento para o 1.o piso. Ao longo destes anos, a Santa Casa da Miseric\u00f3rdia de Carregal do Sal cresceu no apoio \u00e0 comunidade, gra\u00e7as \u00e0 colabora\u00e7\u00e3o, disponibilidade e esfor\u00e7o de v\u00e1rios cidad\u00e3os que, de forma volunt\u00e1ria, fazem ou fizeram parte da administra\u00e7\u00e3o, bem\u00a0 como outros que n\u00e3o integraram os \u00f3rg\u00e3os sociais mas tamb\u00e9m contribu\u00edram, sempre com o apoio incondicional de diversas institui\u00e7\u00f5es publicas, nomeadamente a Seguran\u00e7a Social e a C\u00e2mara Municipal de Carregal do Sal.<\/p>\n\n\n<p>A val\u00eancia do Centro de Dia do Centro Cultural de Currelos atualmente j\u00e1 n\u00e3o existe.<\/p>\n\n\n\n<p>A Santa Casa, \u00e9 Coordenadora do Programa do POAPMC (Programa Operacional de Apoio \u00e0s Pessoas Mais Carenciadas), e trabalha no mesmo programa com as mediadoras da Santa Casa da Miseric\u00f3rdia de Mort\u00e1gua, Santa Casa da Miseric\u00f3rdia de Santa Comba D\u00e3o e Centro Social e Paroquial de S. Jo\u00e3o de Areias. <br>Este programa tem a coordena\u00e7\u00e3o a n\u00edvel nacional da Seguran\u00e7a Social.<\/p>\n","protected":false},"excerpt":{"rendered":"<p>Em 18 de Fevereiro de 1965 o Sr. Manuel Soares de Albergaria e Melo, doou \u00e0 Santa Casa da Miseric\u00f3rdia de Carregal do Sal um conjunto de edif\u00edcios, designados como Bairro Soares de Albergaria, sendo composto por dezasseis casas, uma das quais reservada\u00a0 \u00e0 fam\u00edlia do Sr. Manuel Soares de Albergaria e Melo. Posteriormente a [&hellip;]<\/p>\n","protected":false},"author":1,"featured_media":26,"parent":0,"menu_order":0,"comment_status":"open","ping_status":"open","template":"","meta":{"footnotes":""},"class_list":["post-7","page","type-page","status-publish","has-post-thumbnail","hentry"],"_links":{"self":[{"href":"https:\/\/misericordiacarregaldosal.com\/index.php?rest_route=\/wp\/v2\/pages\/7","targetHints":{"allow":["GET"]}}],"collection":[{"href":"https:\/\/misericordiacarregaldosal.com\/index.php?rest_route=\/wp\/v2\/pages"}],"about":[{"href":"https:\/\/misericordiacarregaldosal.com\/index.php?rest_route=\/wp\/v2\/types\/page"}],"author":[{"embeddable":true,"href":"https:\/\/misericordiacarregaldosal.com\/index.php?rest_route=\/wp\/v2\/users\/1"}],"replies":[{"embeddable":true,"href":"https:\/\/misericordiacarregaldosal.com\/index.php?rest_route=%2Fwp%2Fv2%2Fcomments&post=7"}],"version-history":[{"count":3,"href":"https:\/\/misericordiacarregaldosal.com\/index.php?rest_route=\/wp\/v2\/pages\/7\/revisions"}],"predecessor-version":[{"id":461,"href":"https:\/\/misericordiacarregaldosal.com\/index.php?rest_route=\/wp\/v2\/pages\/7\/revisions\/461"}],"wp:featuredmedia":[{"embeddable":true,"href":"https:\/\/misericordiacarregaldosal.com\/index.php?rest_route=\/wp\/v2\/media\/26"}],"wp:attachment":[{"href":"https:\/\/misericordiacarregaldosal.com\/index.php?rest_route=%2Fwp%2Fv2%2Fmedia&parent=7"}],"curies":[{"name":"wp","href":"https:\/\/api.w.org\/{rel}","templated":true}]}}