{"id":613,"date":"2022-08-10T11:29:11","date_gmt":"2022-08-10T11:29:11","guid":{"rendered":"https:\/\/misericordiacarregaldosal.com\/?page_id=613"},"modified":"2022-08-10T11:29:11","modified_gmt":"2022-08-10T11:29:11","slug":"compromisso-da-irmandade","status":"publish","type":"page","link":"https:\/\/misericordiacarregaldosal.com\/?page_id=613","title":{"rendered":"Compromisso da Irmandade"},"content":{"rendered":"\n<div data-wp-interactive=\"core\/file\" class=\"wp-block-file\"><object data-wp-bind--hidden=\"!state.hasPdfPreview\" hidden class=\"wp-block-file__embed\" data=\"https:\/\/misericordiacarregaldosal.com\/wp-content\/uploads\/2022\/08\/compromisso-da-irmandade.pdf\" type=\"application\/pdf\" style=\"width:100%;height:600px\" aria-label=\"Incorpora\u00e7\u00e3o de Incorpora\u00e7\u00e3o de Compromisso da Irmandade da Santa Casa da Miseric\u00f3rdia de Carregal do Sal..\"><\/object><a id=\"wp-block-file--media-d2addc55-5ed3-4d3f-aba9-0fe4bc0eedbb\" href=\"https:\/\/misericordiacarregaldosal.com\/wp-content\/uploads\/2022\/08\/compromisso-da-irmandade.pdf\">Compromisso da Irmandade da Santa Casa da Miseric\u00f3rdia de Carregal do Sal<\/a><a href=\"https:\/\/misericordiacarregaldosal.com\/wp-content\/uploads\/2022\/08\/compromisso-da-irmandade.pdf\" class=\"wp-block-file__button\" download aria-describedby=\"wp-block-file--media-d2addc55-5ed3-4d3f-aba9-0fe4bc0eedbb\">Descarregar<\/a><\/div>\n","protected":false},"excerpt":{"rendered":"","protected":false},"author":2,"featured_media":0,"parent":0,"menu_order":0,"comment_status":"closed","ping_status":"closed","template":"","meta":{"footnotes":""},"class_list":["post-613","page","type-page","status-publish","hentry"],"_links":{"self":[{"href":"https:\/\/misericordiacarregaldosal.com\/index.php?rest_route=\/wp\/v2\/pages\/613","targetHints":{"allow":["GET"]}}],"collection":[{"href":"https:\/\/misericordiacarregaldosal.com\/index.php?rest_route=\/wp\/v2\/pages"}],"about":[{"href":"https:\/\/misericordiacarregaldosal.com\/index.php?rest_route=\/wp\/v2\/types\/page"}],"author":[{"embeddable":true,"href":"https:\/\/misericordiacarregaldosal.com\/index.php?rest_route=\/wp\/v2\/users\/2"}],"replies":[{"embeddable":true,"href":"https:\/\/misericordiacarregaldosal.com\/index.php?rest_route=%2Fwp%2Fv2%2Fcomments&post=613"}],"version-history":[{"count":1,"href":"https:\/\/misericordiacarregaldosal.com\/index.php?rest_route=\/wp\/v2\/pages\/613\/revisions"}],"predecessor-version":[{"id":615,"href":"https:\/\/misericordiacarregaldosal.com\/index.php?rest_route=\/wp\/v2\/pages\/613\/revisions\/615"}],"wp:attachment":[{"href":"https:\/\/misericordiacarregaldosal.com\/index.php?rest_route=%2Fwp%2Fv2%2Fmedia&parent=613"}],"curies":[{"name":"wp","href":"https:\/\/api.w.org\/{rel}","templated":true}]}}