{"id":435,"date":"2018-07-03T16:41:00","date_gmt":"2018-07-03T16:41:00","guid":{"rendered":"http:\/\/misericordiacarregaldosal.com\/?page_id=435"},"modified":"2018-07-03T16:41:00","modified_gmt":"2018-07-03T16:41:00","slug":"contas-do-exercicio-2017","status":"publish","type":"page","link":"https:\/\/misericordiacarregaldosal.com\/?page_id=435","title":{"rendered":"Contas do Exerc\u00edcio 2017"},"content":{"rendered":"<p><a href=\"https:\/\/misericordiacarregaldosal.com\/wp-content\/uploads\/2018\/07\/DEMONSTRA\u00c7\u00c3O-DE-RESULTADOS-2017.pdf\">DEMONSTRA\u00c7\u00c3O DE RESULTADOS 2017<\/a><\/p>\n<p><a href=\"https:\/\/misericordiacarregaldosal.com\/wp-content\/uploads\/2018\/07\/BALAN\u00c7O-2017.pdf\">BALAN\u00c7O 2017<\/a><\/p>\n<p><a href=\"https:\/\/misericordiacarregaldosal.com\/wp-content\/uploads\/2018\/07\/ATA-CONSELLHO-FISCAL-2017.pdf\">ATA CONSELHO FISCAL 2017<\/a><\/p>\n<p><a href=\"https:\/\/misericordiacarregaldosal.com\/wp-content\/uploads\/2018\/07\/ATA-APROVA\u00c7\u00c3O-DE-CONTAS-2017.pdf\">ATA APROVA\u00c7\u00c3O DE CONTAS 2017<\/a><\/p>\n<p><a href=\"https:\/\/misericordiacarregaldosal.com\/wp-content\/uploads\/2018\/07\/Anexo-ESNL-SANTA-CASA-2017.pdf\">Anexo ESNL-SANTA CASA 2017<\/a><\/p>\n<p>&nbsp;<\/p>\n","protected":false},"excerpt":{"rendered":"<p>DEMONSTRA\u00c7\u00c3O DE RESULTADOS 2017 BALAN\u00c7O 2017 ATA CONSELHO FISCAL 2017 ATA APROVA\u00c7\u00c3O DE CONTAS 2017 Anexo ESNL-SANTA CASA 2017 &nbsp;<\/p>\n","protected":false},"author":1,"featured_media":0,"parent":0,"menu_order":0,"comment_status":"closed","ping_status":"closed","template":"","meta":{"footnotes":""},"class_list":["post-435","page","type-page","status-publish","hentry"],"_links":{"self":[{"href":"https:\/\/misericordiacarregaldosal.com\/index.php?rest_route=\/wp\/v2\/pages\/435","targetHints":{"allow":["GET"]}}],"collection":[{"href":"https:\/\/misericordiacarregaldosal.com\/index.php?rest_route=\/wp\/v2\/pages"}],"about":[{"href":"https:\/\/misericordiacarregaldosal.com\/index.php?rest_route=\/wp\/v2\/types\/page"}],"author":[{"embeddable":true,"href":"https:\/\/misericordiacarregaldosal.com\/index.php?rest_route=\/wp\/v2\/users\/1"}],"replies":[{"embeddable":true,"href":"https:\/\/misericordiacarregaldosal.com\/index.php?rest_route=%2Fwp%2Fv2%2Fcomments&post=435"}],"version-history":[{"count":1,"href":"https:\/\/misericordiacarregaldosal.com\/index.php?rest_route=\/wp\/v2\/pages\/435\/revisions"}],"predecessor-version":[{"id":441,"href":"https:\/\/misericordiacarregaldosal.com\/index.php?rest_route=\/wp\/v2\/pages\/435\/revisions\/441"}],"wp:attachment":[{"href":"https:\/\/misericordiacarregaldosal.com\/index.php?rest_route=%2Fwp%2Fv2%2Fmedia&parent=435"}],"curies":[{"name":"wp","href":"https:\/\/api.w.org\/{rel}","templated":true}]}}