{"id":384,"date":"2016-08-04T08:39:45","date_gmt":"2016-08-04T08:39:45","guid":{"rendered":"http:\/\/misericordiacarregaldosal.com\/?page_id=384"},"modified":"2017-07-13T15:49:16","modified_gmt":"2017-07-13T15:49:16","slug":"contas-do-exercicio-2016","status":"publish","type":"page","link":"https:\/\/misericordiacarregaldosal.com\/?page_id=384","title":{"rendered":"Contas do exerc\u00edcio 2016"},"content":{"rendered":"<p><a href=\"https:\/\/misericordiacarregaldosal.com\/wp-content\/uploads\/2016\/08\/Anexo-ESNL-SANTA-CASA-2016.pdf\" target=\"_blank\" rel=\"noopener\">Anexo ESNL-SANTA CASA 2016<\/a><\/p>\n<p><a href=\"https:\/\/misericordiacarregaldosal.com\/wp-content\/uploads\/2016\/08\/ATA-APROVA\u00c7\u00c3O-DE-CONTAS.pdf\" target=\"_blank\" rel=\"noopener\">ATA &#8211; APROVA\u00c7\u00c3O DE CONTAS<\/a><\/p>\n<p><a href=\"https:\/\/misericordiacarregaldosal.com\/wp-content\/uploads\/2016\/08\/ATA-CONCELHO-FISCAL.pdf\" target=\"_blank\" rel=\"noopener\">ATA &#8211; CONCELHO FISCAL<\/a><\/p>\n<p><a href=\"https:\/\/misericordiacarregaldosal.com\/wp-content\/uploads\/2016\/08\/BALAN\u00c7O-2016-PE.pdf\" target=\"_blank\" rel=\"noopener\">BALAN\u00c7O 2016 PE<\/a><\/p>\n<p><a href=\"https:\/\/misericordiacarregaldosal.com\/wp-content\/uploads\/2016\/08\/DEMONSTRA\u00c7\u00c3O-DE-RESULTADOS-2016-PE.pdf\" target=\"_blank\">DEMONSTRA\u00c7\u00c3O DE RESULTADOS 2016 PE<\/a><\/p>\n<p><a href=\"https:\/\/misericordiacarregaldosal.com\/wp-content\/uploads\/2016\/08\/Mapa_controlo_subsidio_investimento_SNC_ESNL-2016.pdf\" target=\"_blank\">Mapa_controlo_subsidio_investimento_SNC_ESNL-2016<\/a><\/p>\n<p><a href=\"https:\/\/misericordiacarregaldosal.com\/wp-content\/uploads\/2016\/08\/COMPROVATIVO-DE-ENTREGA-DA-CONTA-DE-GERENCIA-2016.pdf\" target=\"_blank\">COMPROVATIVO DE ENTREGA DA CONTA DE GERENCIA 2016<\/a><\/p>\n","protected":false},"excerpt":{"rendered":"<p>Anexo ESNL-SANTA CASA 2016 ATA &#8211; APROVA\u00c7\u00c3O DE CONTAS ATA &#8211; CONCELHO FISCAL BALAN\u00c7O 2016 PE DEMONSTRA\u00c7\u00c3O DE RESULTADOS 2016 PE Mapa_controlo_subsidio_investimento_SNC_ESNL-2016 COMPROVATIVO DE ENTREGA DA CONTA DE GERENCIA 2016<\/p>\n","protected":false},"author":1,"featured_media":0,"parent":0,"menu_order":0,"comment_status":"closed","ping_status":"closed","template":"","meta":{"footnotes":""},"class_list":["post-384","page","type-page","status-publish","hentry"],"_links":{"self":[{"href":"https:\/\/misericordiacarregaldosal.com\/index.php?rest_route=\/wp\/v2\/pages\/384","targetHints":{"allow":["GET"]}}],"collection":[{"href":"https:\/\/misericordiacarregaldosal.com\/index.php?rest_route=\/wp\/v2\/pages"}],"about":[{"href":"https:\/\/misericordiacarregaldosal.com\/index.php?rest_route=\/wp\/v2\/types\/page"}],"author":[{"embeddable":true,"href":"https:\/\/misericordiacarregaldosal.com\/index.php?rest_route=\/wp\/v2\/users\/1"}],"replies":[{"embeddable":true,"href":"https:\/\/misericordiacarregaldosal.com\/index.php?rest_route=%2Fwp%2Fv2%2Fcomments&post=384"}],"version-history":[{"count":4,"href":"https:\/\/misericordiacarregaldosal.com\/index.php?rest_route=\/wp\/v2\/pages\/384\/revisions"}],"predecessor-version":[{"id":433,"href":"https:\/\/misericordiacarregaldosal.com\/index.php?rest_route=\/wp\/v2\/pages\/384\/revisions\/433"}],"wp:attachment":[{"href":"https:\/\/misericordiacarregaldosal.com\/index.php?rest_route=%2Fwp%2Fv2%2Fmedia&parent=384"}],"curies":[{"name":"wp","href":"https:\/\/api.w.org\/{rel}","templated":true}]}}