{"id":282,"date":"2015-04-28T09:12:33","date_gmt":"2015-04-28T09:12:33","guid":{"rendered":"http:\/\/misericordiacarregaldosal.com\/?page_id=282"},"modified":"2021-01-12T14:46:40","modified_gmt":"2021-01-12T14:46:40","slug":"noticias","status":"publish","type":"page","link":"https:\/\/misericordiacarregaldosal.com\/?page_id=282","title":{"rendered":"Not\u00edcias"},"content":{"rendered":"\n<p>2020 &#8211; Devido \u00e0 Pandemia do Covid-19 n\u00e3o houve conv\u00edvios nem confraterniza\u00e7\u00f5es no exterior da Santa Casa mas tem havido atividades na Creche e no Equipamento Residencial para Pessoas Idosas, as quais cumprem todas as regras da DGS;<\/p>\n\n\n\n<p class=\"has-text-align-center\">Presen\u00e7a da Santa Casa da Miseric\u00f3rdia na V Feira Social<\/p>\n\n\n\n<p class=\"has-text-align-center\">No dia 10 de Julho decorreu mais uma edi\u00e7\u00e3o da Feira Social organizada pela rede social do concelho de Carregal do sal, que contou com a presen\u00e7a das IPSS \u2013 Institui\u00e7\u00f5es Particulares de Solidariedade Social do concelho, incluindo-se aqui a Santa Casa da Miseric\u00f3rdia de Carregal do Sal. Neste dia houve a possibilidade de se efectuar a venda de trabalhos manuais elaboradores pelas colaboradoras e utentes da institui\u00e7\u00e3o e os mais variados produtos alimentares desde bolos, salgados, fruta e hortali\u00e7a, contando-se com um dia muito animado que teve uma grande ades\u00e3o da comunidade.<br>Para culminar este belo dia que decorreu no parque do Julgado de Paz, houve ainda momentos de anima\u00e7\u00e3o efectuados pela institui\u00e7\u00f5es cada uma de um modo diferente e original, quanto \u00e0 Santa Casa esta contribuiu com um momento de encena\u00e7\u00e3o e dan\u00e7a da m\u00fasica \u201c Aldeia da Roupa Branca\u201d interpretada pelos nossos idosos e outro momento musical utilizando para isso apenas o acorde\u00e3o e as vozes de um grupo de utentes, com as musicas \u201c Ponha aqui o seu Pezinho\u201d, \u201c Alecrim \u201c e \u201c D\u00e1 c\u00e1 um Beijo\u201d criando grande entusiasmo no publico presente levando-os ainteragir connosco sendo este o principal objectivo deste dia.<\/p>\n\n\n\n<figure class=\"wp-block-image\"><a href=\"https:\/\/misericordiacarregaldosal.com\/wp-content\/uploads\/2015\/04\/cantar.jpg\"><img loading=\"lazy\" decoding=\"async\" width=\"1024\" height=\"768\" src=\"https:\/\/misericordiacarregaldosal.com\/wp-content\/uploads\/2015\/04\/cantar-1024x768.jpg\" alt=\"cantar\" class=\"wp-image-363\" srcset=\"https:\/\/misericordiacarregaldosal.com\/wp-content\/uploads\/2015\/04\/cantar-1024x768.jpg 1024w, https:\/\/misericordiacarregaldosal.com\/wp-content\/uploads\/2015\/04\/cantar-300x225.jpg 300w, https:\/\/misericordiacarregaldosal.com\/wp-content\/uploads\/2015\/04\/cantar.jpg 1306w\" sizes=\"auto, (max-width: 1024px) 100vw, 1024px\" \/><\/a><\/figure>\n\n\n\n<div class=\"wp-block-image\"><figure class=\"aligncenter\"><a href=\"https:\/\/misericordiacarregaldosal.com\/wp-content\/uploads\/2015\/04\/barraca.jpg\"><img loading=\"lazy\" decoding=\"async\" width=\"300\" height=\"225\" src=\"https:\/\/misericordiacarregaldosal.com\/wp-content\/uploads\/2015\/04\/barraca-300x225.jpg\" alt=\"barraca\" class=\"wp-image-362\" srcset=\"https:\/\/misericordiacarregaldosal.com\/wp-content\/uploads\/2015\/04\/barraca-300x225.jpg 300w, https:\/\/misericordiacarregaldosal.com\/wp-content\/uploads\/2015\/04\/barraca.jpg 979w\" sizes=\"auto, (max-width: 300px) 100vw, 300px\" \/><\/a><\/figure><\/div>\n\n\n\n<figure class=\"wp-block-image\"><a href=\"https:\/\/misericordiacarregaldosal.com\/wp-content\/uploads\/2015\/04\/grupo.jpg\"><img loading=\"lazy\" decoding=\"async\" width=\"1024\" height=\"768\" src=\"https:\/\/misericordiacarregaldosal.com\/wp-content\/uploads\/2015\/04\/grupo-1024x768.jpg\" alt=\"grupo\" class=\"wp-image-364\" srcset=\"https:\/\/misericordiacarregaldosal.com\/wp-content\/uploads\/2015\/04\/grupo-1024x768.jpg 1024w, https:\/\/misericordiacarregaldosal.com\/wp-content\/uploads\/2015\/04\/grupo-300x225.jpg 300w, https:\/\/misericordiacarregaldosal.com\/wp-content\/uploads\/2015\/04\/grupo.jpg 1306w\" sizes=\"auto, (max-width: 1024px) 100vw, 1024px\" \/><\/a><\/figure>\n\n\n\n<figure class=\"wp-block-image\"><a href=\"https:\/\/misericordiacarregaldosal.com\/wp-content\/uploads\/2015\/04\/man\u00f4.jpg\"><img loading=\"lazy\" decoding=\"async\" width=\"1024\" height=\"916\" src=\"https:\/\/misericordiacarregaldosal.com\/wp-content\/uploads\/2015\/04\/man\u00f4-1024x916.jpg\" alt=\"man\u00f4\" class=\"wp-image-365\" srcset=\"https:\/\/misericordiacarregaldosal.com\/wp-content\/uploads\/2015\/04\/man\u00f4-1024x916.jpg 1024w, https:\/\/misericordiacarregaldosal.com\/wp-content\/uploads\/2015\/04\/man\u00f4-300x268.jpg 300w, https:\/\/misericordiacarregaldosal.com\/wp-content\/uploads\/2015\/04\/man\u00f4.jpg 1080w\" sizes=\"auto, (max-width: 1024px) 100vw, 1024px\" \/><\/a><\/figure>\n\n\n\n<figure class=\"wp-block-image\"><a href=\"https:\/\/misericordiacarregaldosal.com\/wp-content\/uploads\/2015\/04\/DSCN9722.jpg\"><img loading=\"lazy\" decoding=\"async\" width=\"1024\" height=\"768\" src=\"https:\/\/misericordiacarregaldosal.com\/wp-content\/uploads\/2015\/04\/DSCN9722-1024x768.jpg\" alt=\"DSCN9722\" class=\"wp-image-366\" srcset=\"https:\/\/misericordiacarregaldosal.com\/wp-content\/uploads\/2015\/04\/DSCN9722-1024x768.jpg 1024w, https:\/\/misericordiacarregaldosal.com\/wp-content\/uploads\/2015\/04\/DSCN9722-300x225.jpg 300w\" sizes=\"auto, (max-width: 1024px) 100vw, 1024px\" \/><\/a><\/figure>\n\n\n\n<hr class=\"wp-block-separator\"\/>\n\n\n\n<p class=\"has-text-align-center\"><em><strong>Nota de Agradecimento &#8211; Dr.\u00aa Ana Rosa Mendes<\/strong> <\/em><\/p>\n\n\n\n<p class=\"has-text-align-center\">&nbsp;A Santa Casa da&nbsp; Miseric\u00f3rdia de Carregal do Sal , \u00e9 uma institui\u00e7\u00e3o Particular de Solidariedade Social sem fins lucrativos, sendo que tem um espa\u00e7o organizado como Estrutura residencial para Pessoas Idosas- ERPI.<\/p>\n\n\n\n<p class=\"has-text-align-center\">H\u00e1 pessoas determinantes para a nossa exist\u00eancia uma delas foi o Sr. An\u00edbal Loureiro Mendes que foi o primeiro Utente a entrar na Santa Casa , sendo a sua admiss\u00e3o em 17 de fevereiro de 2003.<\/p>\n\n\n\n<p class=\"has-text-align-center\">O Sr. An\u00edbal nasceu no dia 16 de setembro de 1922 sendo natural de Pardieiros, freguesia de Beij\u00f3s e faleceu no dia 17 de mar\u00e7o de 2015 com 93 anos de idade.<\/p>\n\n\n\n<p class=\"has-text-align-center\">Assim a Direc\u00e7\u00e3o vem por este meio, manifestar o profundo agradecimento pela DOA\u00c7\u00c3O da quantia de 110\u20ac, efectuada pela filha respons\u00e1vel do Sr. An\u00edbal ap\u00f3s o seu falecimento a Dr.\u00aa Ana Rosa Mendes.<\/p>\n\n\n\n<p class=\"has-text-align-right\"><strong>Um Muito Obrigado !!<\/strong><\/p>\n\n\n\n<p class=\"has-text-align-right\">1-julho-2015<\/p>\n\n\n\n<hr class=\"wp-block-separator\"\/>\n\n\n\n<p class=\"has-text-align-center\">A&nbsp; Santa Casa da Miseric\u00f3rdia de Carregal do Sal esteve presente na Visita da imagem peregrina da N. Senhora de F\u00e1tima ao arciprestado de Carregal do Sal<\/p>\n\n\n\n<blockquote><figure><a href=\"https:\/\/misericordiacarregaldosal.com\/wp-content\/uploads\/2015\/04\/P5210880.jpg\"><img loading=\"lazy\" decoding=\"async\" class=\"size-large wp-image-352\" src=\"https:\/\/misericordiacarregaldosal.com\/wp-content\/uploads\/2015\/04\/P5210880-1024x768.jpg\" alt=\"OLYMPUS DIGITAL CAMERA\" width=\"590\" height=\"443\" srcset=\"https:\/\/misericordiacarregaldosal.com\/wp-content\/uploads\/2015\/04\/P5210880-1024x768.jpg 1024w, https:\/\/misericordiacarregaldosal.com\/wp-content\/uploads\/2015\/04\/P5210880-300x225.jpg 300w, https:\/\/misericordiacarregaldosal.com\/wp-content\/uploads\/2015\/04\/P5210880.jpg 1824w\" sizes=\"auto, (max-width: 590px) 100vw, 590px\" \/><\/a><\/figure><figure><a href=\"https:\/\/misericordiacarregaldosal.com\/wp-content\/uploads\/2015\/04\/P5210888.jpg\"><img loading=\"lazy\" decoding=\"async\" class=\"size-large wp-image-353\" src=\"https:\/\/misericordiacarregaldosal.com\/wp-content\/uploads\/2015\/04\/P5210888-1024x768.jpg\" alt=\"OLYMPUS DIGITAL CAMERA\" width=\"590\" height=\"443\" srcset=\"https:\/\/misericordiacarregaldosal.com\/wp-content\/uploads\/2015\/04\/P5210888-1024x768.jpg 1024w, https:\/\/misericordiacarregaldosal.com\/wp-content\/uploads\/2015\/04\/P5210888-300x225.jpg 300w, https:\/\/misericordiacarregaldosal.com\/wp-content\/uploads\/2015\/04\/P5210888.jpg 1824w\" sizes=\"auto, (max-width: 590px) 100vw, 590px\" \/><\/a><\/figure><figure><a href=\"https:\/\/misericordiacarregaldosal.com\/wp-content\/uploads\/2015\/04\/P5210901.jpg\"><img loading=\"lazy\" decoding=\"async\" class=\"size-large wp-image-354\" src=\"https:\/\/misericordiacarregaldosal.com\/wp-content\/uploads\/2015\/04\/P5210901-1024x768.jpg\" alt=\"OLYMPUS DIGITAL CAMERA\" width=\"590\" height=\"443\" srcset=\"https:\/\/misericordiacarregaldosal.com\/wp-content\/uploads\/2015\/04\/P5210901-1024x768.jpg 1024w, https:\/\/misericordiacarregaldosal.com\/wp-content\/uploads\/2015\/04\/P5210901-300x225.jpg 300w, https:\/\/misericordiacarregaldosal.com\/wp-content\/uploads\/2015\/04\/P5210901.jpg 1824w\" sizes=\"auto, (max-width: 590px) 100vw, 590px\" \/><\/a><\/figure><figure><a href=\"https:\/\/misericordiacarregaldosal.com\/wp-content\/uploads\/2015\/04\/P5210905.jpg\"><img loading=\"lazy\" decoding=\"async\" class=\"size-large wp-image-355\" src=\"https:\/\/misericordiacarregaldosal.com\/wp-content\/uploads\/2015\/04\/P5210905-1024x768.jpg\" alt=\"OLYMPUS DIGITAL CAMERA\" width=\"590\" height=\"443\" srcset=\"https:\/\/misericordiacarregaldosal.com\/wp-content\/uploads\/2015\/04\/P5210905-1024x768.jpg 1024w, https:\/\/misericordiacarregaldosal.com\/wp-content\/uploads\/2015\/04\/P5210905-300x225.jpg 300w, https:\/\/misericordiacarregaldosal.com\/wp-content\/uploads\/2015\/04\/P5210905.jpg 1824w\" sizes=\"auto, (max-width: 590px) 100vw, 590px\" \/><\/a><\/figure><p style=\"text-align: center;\">O dia 21 de Maio de 2015, ficou marcado como um dia bastante emotivo para os carregalenses com a visita gloriosa da imagem peregrina da Nossa Senhora de F\u00e1tima.<br>Como n\u00e3o poderia deixar de ser a Santa Casa da Miseric\u00f3rdia tamb\u00e9m participou nas comemora\u00e7\u00f5es, estando presente com a sua Irmandade na prociss\u00e3o das velas do Adro da Igreja Matriz de Cabanas de Viriato para o Santu\u00e1rio da Nossa Senhora dos Milagres nas Laceiras.<br>Salienta-se ainda a presen\u00e7a de um grupo de idosos institucionalizados no Lar da Santa Casa, que de um modo espont\u00e2neo optaram por acompanhar a Senhora do Ros\u00e1rio de F\u00e1tima nestas suas jornadas, sempre com um sentimento de gratid\u00e3o e empatia caracter\u00edsticos de todos os fi\u00e9is e peregrinos.<\/p><p style=\"text-align: right;\">Carregal do Sal, 11 de maio de 2015<\/p><\/blockquote>\n","protected":false},"excerpt":{"rendered":"<p>2020 &#8211; Devido \u00e0 Pandemia do Covid-19 n\u00e3o houve conv\u00edvios nem confraterniza\u00e7\u00f5es no exterior da Santa Casa mas tem havido atividades na Creche e no Equipamento Residencial para Pessoas Idosas, as quais cumprem todas as regras da DGS; Presen\u00e7a da Santa Casa da Miseric\u00f3rdia na V Feira Social No dia 10 de Julho decorreu mais [&hellip;]<\/p>\n","protected":false},"author":1,"featured_media":0,"parent":0,"menu_order":0,"comment_status":"closed","ping_status":"open","template":"","meta":{"footnotes":""},"class_list":["post-282","page","type-page","status-publish","hentry"],"_links":{"self":[{"href":"https:\/\/misericordiacarregaldosal.com\/index.php?rest_route=\/wp\/v2\/pages\/282","targetHints":{"allow":["GET"]}}],"collection":[{"href":"https:\/\/misericordiacarregaldosal.com\/index.php?rest_route=\/wp\/v2\/pages"}],"about":[{"href":"https:\/\/misericordiacarregaldosal.com\/index.php?rest_route=\/wp\/v2\/types\/page"}],"author":[{"embeddable":true,"href":"https:\/\/misericordiacarregaldosal.com\/index.php?rest_route=\/wp\/v2\/users\/1"}],"replies":[{"embeddable":true,"href":"https:\/\/misericordiacarregaldosal.com\/index.php?rest_route=%2Fwp%2Fv2%2Fcomments&post=282"}],"version-history":[{"count":9,"href":"https:\/\/misericordiacarregaldosal.com\/index.php?rest_route=\/wp\/v2\/pages\/282\/revisions"}],"predecessor-version":[{"id":455,"href":"https:\/\/misericordiacarregaldosal.com\/index.php?rest_route=\/wp\/v2\/pages\/282\/revisions\/455"}],"wp:attachment":[{"href":"https:\/\/misericordiacarregaldosal.com\/index.php?rest_route=%2Fwp%2Fv2%2Fmedia&parent=282"}],"curies":[{"name":"wp","href":"https:\/\/api.w.org\/{rel}","templated":true}]}}